{"id":7388,"date":"2023-11-30T16:05:00","date_gmt":"2023-11-30T21:05:00","guid":{"rendered":"https:\/\/rivr.digital\/?page_id=7388"},"modified":"2023-12-02T20:34:52","modified_gmt":"2023-12-03T01:34:52","slug":"contact","status":"publish","type":"page","link":"https:\/\/rivr.digital\/en\/contact\/","title":{"rendered":"Contact"},"content":{"rendered":"<section class=\"wpb-content-wrapper\">\t\t<div id=\"contact\" class=\"vc_row wpb_row vc_row-fluid\">\n                                        <div class=\"gf-row-inner gf-container container\">\n                        <div class=\"wpb_column vc_column_container vc_col-sm-12\"><div class=\"vc_column-inner\"><div class=\"wpb_wrapper\"><div class=\"g5plus-space space-69e381b7e0189\" data-id=\"69e381b7e0189\" data-tablet=\"100\" data-tablet-portrait=\"80\" data-mobile=\"60\" data-mobile-landscape=\"70\" style=\"clear: both; display: block; height: 120px\"><\/div><\/div><\/div><\/div><div class=\"md-mg-bottom-30 wpb_animate_when_almost_visible wpb_left-to-right left-to-right wpb_column vc_column_container vc_col-sm-12 vc_col-lg-3 vc_col-md-4\"><div class=\"vc_column-inner\"><div class=\"wpb_wrapper\"><div class=\"g5plus-space space-69e381b7e0696\" data-id=\"69e381b7e0696\" data-tablet=\"70\" data-tablet-portrait=\"60\" data-mobile=\"40\" data-mobile-landscape=\"50\" style=\"clear: both; display: block; height: 90px\"><\/div><div class=\"vc_row wpb_row vc_inner vc_row-fluid row vc_row-o-equal-height vc_row-flex\"><div class=\"col-mb-12 wpb_column vc_column_container vc_col-sm-6 vc_col-md-12 vc_col-xs-6\"><div class=\"vc_column-inner\"><div class=\"wpb_wrapper\"><div class=\"gsf-info-box ib-left-inline clearfix icon-classic ib-medium info-box-69e381b7e0f18\">\n    <div class=\"ib-content-wrap\">\n                                    <div class=\"ib-content\">\n                    <div class=\"ib-content-top\">\n                        <div class=\"ib-shape\">\n                            <div class=\"ib-shape-inner\">\n                                <i class=\"ti-comment-alt\"><\/i>                            <\/div>\n                        <\/div>\n                                                        <h4 class=\"info-box-title\">E-mail<\/h4>\n                                                <\/div>\n                                            <div class=\"info-box-des\">\n                            <p class=\"mg-bottom-10\">phil@rivr.digital<\/p>\n<div id=\"gtx-anchor\" style=\"position: absolute; visibility: hidden; left: 88.9688px; top: 12.5px; width: 43.9453px; height: 18px;\"><\/div>\n<div class=\"jfk-bubble gtx-bubble\" style=\"visibility: visible; left: 96px; top: 41px; opacity: 1;\" role=\"alertdialog\" aria-describedby=\"bubble-2\">\n<div id=\"bubble-2\" class=\"jfk-bubble-content-id\">\n<div id=\"gtx-host\" style=\"min-width: 200px; max-width: 400px;\"><\/div>\n<\/div>\n<div class=\"jfk-bubble-closebtn-id jfk-bubble-closebtn\" tabindex=\"0\" role=\"button\" aria-label=\"Close\"><\/div>\n<div class=\"jfk-bubble-arrow-id jfk-bubble-arrow jfk-bubble-arrowup\" style=\"left: 95.9688px;\">\n<div class=\"jfk-bubble-arrowimplbefore\"><\/div>\n<div class=\"jfk-bubble-arrowimplafter\"><\/div>\n<\/div>\n<\/div>\n                        <\/div>\n                                    <\/div>\n                        <\/div>\n    <\/div>\n<div class=\"vc_separator wpb_content_element vc_separator_align_center vc_sep_width_100 vc_sep_pos_align_center vc_separator_no_text vc_custom_1536047641598  vc_custom_1536047641598 mg-bottom-0\" ><span class=\"vc_sep_holder vc_sep_holder_l\"><span style=\"border-color:#f3f3f3;\" class=\"vc_sep_line\"><\/span><\/span><span class=\"vc_sep_holder vc_sep_holder_r\"><span style=\"border-color:#f3f3f3;\" class=\"vc_sep_line\"><\/span><\/span>\n<\/div><\/div><\/div><\/div><div class=\"col-mb-12 order-lg-first wpb_column vc_column_container vc_col-sm-6 vc_col-md-12 vc_col-xs-6\"><div class=\"vc_column-inner\"><div class=\"wpb_wrapper\"><div class=\"gsf-info-box ib-left-inline clearfix icon-classic ib-medium info-box-69e381b7e1c6f\">\n    <div class=\"ib-content-wrap\">\n                                    <div class=\"ib-content\">\n                    <div class=\"ib-content-top\">\n                        <div class=\"ib-shape\">\n                            <div class=\"ib-shape-inner\">\n                                <i class=\"ti-map-alt\"><\/i>                            <\/div>\n                        <\/div>\n                                                        <h4 class=\"info-box-title\">City<\/h4>\n                                                <\/div>\n                                            <div class=\"info-box-des\">\n                            <p>Ottawa, Ontario<\/p>\n<p>Canada<\/p>\n<div id=\"gtx-anchor\" style=\"position: absolute; visibility: hidden; left: 25px; top: 58.4453px; width: 53.8594px; height: 18px;\"><\/div>\n<div class=\"jfk-bubble gtx-bubble\" style=\"visibility: visible; left: 37px; top: 86px; opacity: 1;\" role=\"alertdialog\" aria-describedby=\"bubble-2\">\n<div id=\"bubble-2\" class=\"jfk-bubble-content-id\">\n<div id=\"gtx-host\" style=\"min-width: 200px; max-width: 400px;\"><\/div>\n<\/div>\n<div class=\"jfk-bubble-closebtn-id jfk-bubble-closebtn\" tabindex=\"0\" role=\"button\" aria-label=\"Close\"><\/div>\n<div class=\"jfk-bubble-arrow-id jfk-bubble-arrow jfk-bubble-arrowup\" style=\"left: 37px;\">\n<div class=\"jfk-bubble-arrowimplbefore\"><\/div>\n<div class=\"jfk-bubble-arrowimplafter\"><\/div>\n<\/div>\n<\/div>\n                        <\/div>\n                                    <\/div>\n                        <\/div>\n    <\/div>\n<div class=\"vc_separator wpb_content_element vc_separator_align_center vc_sep_width_100 vc_sep_pos_align_center vc_separator_no_text vc_custom_1536047641598  vc_custom_1536047641598 mg-bottom-0\" ><span class=\"vc_sep_holder vc_sep_holder_l\"><span style=\"border-color:#f3f3f3;\" class=\"vc_sep_line\"><\/span><\/span><span class=\"vc_sep_holder vc_sep_holder_r\"><span style=\"border-color:#f3f3f3;\" class=\"vc_sep_line\"><\/span><\/span>\n<\/div><\/div><\/div><\/div><div class=\"col-mb-12 wpb_column vc_column_container vc_col-sm-6 vc_col-md-12 vc_col-xs-6\"><div class=\"vc_column-inner\"><div class=\"wpb_wrapper\"><div class=\"gf-social-networks social-heading-color\">\n\t\t\t<ul class=\"gf-social-icon gf-inline\">\n\t\t\t\t\t\t\t\t\t<li class=\"social-instagram\">\n\t\t\t\t                    <a class=\"transition03\" title=\"Instagram\" href=\"http:\/\/instagram.com\/rivrcreation\"><i class=\"fa fa-instagram\"><\/i>Instagram<\/a>\n\t\t\t\t\n\t\t\t<\/li>\n\t\t\t\t\t\t\t\t\t\t\t<li class=\"social-facebook\">\n\t\t\t\t                    <a class=\"transition03\" title=\"Facebook\" href=\"http:\/\/facebook.com\/rivrcreation\"><i class=\"fa fa-facebook\"><\/i>Facebook<\/a>\n\t\t\t\t\n\t\t\t<\/li>\n\t\t\t\t\t\t\t\t\t\t\t<li class=\"social-twitter\">\n\t\t\t\t                    <a class=\"transition03\" title=\"Twitter\" href=\"http:\/\/twitter.com\/rivrcreation\"><i class=\"fa fa-twitter\"><\/i>Twitter<\/a>\n\t\t\t\t\n\t\t\t<\/li>\n\t\t\t\t\t\t\t\t\t\t\t<li class=\"social-linkedIn\">\n\t\t\t\t                    <a class=\"transition03\" title=\"LinkedIn\" href=\"http:\/\/linkedin.com\/in\/appelezmoiphil\"><i class=\"fa fa-linkedin\"><\/i>LinkedIn<\/a>\n\t\t\t\t\n\t\t\t<\/li>\n\t\t\t\t\t\t\t\t\t\t\t<li class=\"social-behance\">\n\t\t\t\t                    <a class=\"transition03\" title=\"Behance\" href=\"http:\/\/behance.com\/rivrcreation\"><i class=\"fa fa-behance\"><\/i>Behance<\/a>\n\t\t\t\t\n\t\t\t<\/li>\n\t\t\t<\/ul>\n\n\t<\/div><\/div><\/div><\/div><\/div><div class=\"g5plus-space space-69e381b7e2bf7\" data-id=\"69e381b7e2bf7\" data-tablet=\"70\" data-tablet-portrait=\"60\" data-mobile=\"40\" data-mobile-landscape=\"50\" style=\"clear: both; display: block; height: 90px\"><\/div><\/div><\/div><\/div><div class=\"wpb_animate_when_almost_visible wpb_left-to-right left-to-right wpb_column vc_column_container vc_col-sm-12 vc_col-lg-offset-1 vc_col-md-8\"><div class=\"vc_column-inner\"><div class=\"wpb_wrapper\"><div class=\"g5plus-space space-69e381b7e31a1\" data-id=\"69e381b7e31a1\" data-tablet=\"70\" data-tablet-portrait=\"60\" data-mobile=\"40\" data-mobile-landscape=\"50\" style=\"clear: both; display: block; height: 90px\"><\/div>    <div class=\"gf-heading gf-heading-style-3 vc_custom_1701482722448\">\n        <div class=\"gf-heading-inner gf-heading-69e381b7e32a3 text-left justify-content-start\">\n                                                        <h4 class=\"heading-title\">Let's talk about your ambitions!<\/h4>\n                    <\/div>\n    <\/div>\n\n\t<div class=\"wpb_text_column wpb_content_element\" >\n\t\t<div class=\"wpb_wrapper\">\n\t\t\t<p>Tell me what you have in mind, and with a snap of your fingers, your project will be a reality.<\/p>\n\n\t\t<\/div>\n\t<\/div>\n<div class=\"g5plus-space space-69e381b7e3a46\" data-id=\"69e381b7e3a46\" data-tablet=\"70\" data-tablet-portrait=\"60\" data-mobile=\"40\" data-mobile-landscape=\"50\" style=\"clear: both; display: block; height: 90px\"><\/div>\n<div class=\"wpcf7 no-js\" id=\"wpcf7-f4893-o1\" lang=\"en-US\" dir=\"ltr\" data-wpcf7-id=\"4893\">\n<div class=\"screen-reader-response\"><p role=\"status\" aria-live=\"polite\" aria-atomic=\"true\"><\/p> <ul><\/ul><\/div>\n<form action=\"\/en\/wp-json\/wp\/v2\/pages\/7388#wpcf7-f4893-o1\" method=\"post\" class=\"wpcf7-form init\" aria-label=\"Contact form\" novalidate=\"novalidate\" data-status=\"init\" data-trp-original-action=\"\/en\/wp-json\/wp\/v2\/pages\/7388#wpcf7-f4893-o1\">\n<fieldset class=\"hidden-fields-container\"><input type=\"hidden\" name=\"_wpcf7\" value=\"4893\" \/><input type=\"hidden\" name=\"_wpcf7_version\" value=\"6.1.5\" \/><input type=\"hidden\" name=\"_wpcf7_locale\" value=\"en_US\" \/><input type=\"hidden\" name=\"_wpcf7_unit_tag\" value=\"wpcf7-f4893-o1\" \/><input type=\"hidden\" name=\"_wpcf7_container_post\" value=\"0\" \/><input type=\"hidden\" name=\"_wpcf7_posted_data_hash\" value=\"\" \/>\n<\/fieldset>\n<div class=\"gsf-contact-form form-style-3 clearfix\">\n\t<div class=\"ct-field ct-name\">\n\t\t<p><span class=\"wpcf7-form-control-wrap\" data-name=\"your-name\"><input size=\"40\" maxlength=\"400\" class=\"wpcf7-form-control wpcf7-text wpcf7-validates-as-required\" aria-required=\"true\" aria-invalid=\"false\" placeholder=\"Name\" value=\"\" type=\"text\" name=\"your-name\" \/><\/span>\n\t\t<\/p>\n\t<\/div>\n\t<div class=\"ct-field ct-email\">\n\t\t<p><span class=\"wpcf7-form-control-wrap\" data-name=\"your-email\"><input size=\"40\" maxlength=\"400\" class=\"wpcf7-form-control wpcf7-email wpcf7-validates-as-required wpcf7-text wpcf7-validates-as-email\" aria-required=\"true\" aria-invalid=\"false\" placeholder=\"E-mail\" value=\"\" type=\"email\" name=\"your-email\" \/><\/span>\n\t\t<\/p>\n\t<\/div>\n\t<div class=\"ct-field ct-subject\">\n\t\t<p><span class=\"wpcf7-form-control-wrap\" data-name=\"your-subject\"><input size=\"40\" maxlength=\"400\" class=\"wpcf7-form-control wpcf7-text wpcf7-validates-as-required\" aria-required=\"true\" aria-invalid=\"false\" placeholder=\"Subject\" value=\"\" type=\"text\" name=\"your-subject\" \/><\/span>\n\t\t<\/p>\n\t<\/div>\n\t<div class=\"ct-field ct-message\">\n\t\t<p><span class=\"wpcf7-form-control-wrap\" data-name=\"your-message\"><textarea cols=\"40\" rows=\"10\" maxlength=\"2000\" class=\"wpcf7-form-control wpcf7-textarea wpcf7-validates-as-required\" aria-required=\"true\" aria-invalid=\"false\" placeholder=\"Message\" name=\"your-message\"><\/textarea><\/span>\n\t\t<\/p>\n\t<\/div>\n\t<div class=\"ct-field ct-submit\">\n\t\t<p><input class=\"wpcf7-form-control wpcf7-submit has-spinner btn btn-accent btn-sm btn-round\" type=\"submit\" value=\"SEND\" \/>\n\t\t<\/p>\n\t<\/div>\n<\/div><p style=\"display: none !important;\" class=\"akismet-fields-container\" data-prefix=\"_wpcf7_ak_\"><label>&#916;<textarea name=\"_wpcf7_ak_hp_textarea\" cols=\"45\" rows=\"8\" maxlength=\"100\"><\/textarea><\/label><input type=\"hidden\" id=\"ak_js_1\" name=\"_wpcf7_ak_js\" value=\"142\"\/><script>document.getElementById( \"ak_js_1\" ).setAttribute( \"value\", ( new Date() ).getTime() );<\/script><\/p><div class=\"wpcf7-response-output\" aria-hidden=\"true\"><\/div>\n<input type=\"hidden\" name=\"trp-form-language\" value=\"en\"\/><\/form>\n<\/div>\n<div class=\"g5plus-space space-69e381b7e68d0\" data-id=\"69e381b7e68d0\" data-tablet=\"70\" data-tablet-portrait=\"60\" data-mobile=\"40\" data-mobile-landscape=\"50\" style=\"clear: both; display: block; height: 90px\"><\/div><\/div><\/div><\/div><div class=\"wpb_column vc_column_container vc_col-sm-12\"><div class=\"vc_column-inner\"><div class=\"wpb_wrapper\"><div class=\"g5plus-space space-69e381b7e6db7\" data-id=\"69e381b7e6db7\" data-tablet=\"70\" data-tablet-portrait=\"60\" data-mobile=\"40\" data-mobile-landscape=\"50\" style=\"clear: both; display: block; height: 90px\"><\/div><\/div><\/div><\/div>\t\t\t\t\t\t\t<\/div>\n\t\t\t\n\t\t<\/div>\n\n<\/section>","protected":false},"excerpt":{"rendered":"Courriel phil@rivr.digital Ville Ottawa, Ontario Canada Instagram Facebook Twitter LinkedIn Behance Jasons de vos ambitions! Partagez-moi ce que vous avez en t\u00eate et comme un claquement de doigts, votre projet sera r\u00e9alit\u00e9. &#916;","protected":false},"author":2,"featured_media":0,"parent":0,"menu_order":0,"comment_status":"closed","ping_status":"closed","template":"","meta":{"footnotes":""},"class_list":["post-7388","page","type-page","status-publish","hentry"],"yoast_head":"<!-- This site is optimized with the Yoast SEO plugin v27.4 - https:\/\/yoast.com\/product\/yoast-seo-wordpress\/ -->\n<title>Contact | rivr cr\u00e9ation | Graphiste franco-ontarien<\/title>\n<meta name=\"description\" content=\"Jasons de vos ambitions! Partagez-moi ce que vous avez en t\u00eate et comme un claquement de doigts, votre projet sera r\u00e9alit\u00e9.\" \/>\n<meta name=\"robots\" content=\"index, follow, max-snippet:-1, max-image-preview:large, max-video-preview:-1\" \/>\n<link rel=\"canonical\" href=\"https:\/\/rivr.digital\/en\/contact\/\" \/>\n<meta property=\"og:locale\" content=\"en_US\" \/>\n<meta property=\"og:type\" content=\"article\" \/>\n<meta property=\"og:title\" content=\"Contact | rivr cr\u00e9ation | Graphiste franco-ontarien\" \/>\n<meta property=\"og:description\" content=\"Jasons de vos ambitions! Partagez-moi ce que vous avez en t\u00eate et comme un claquement de doigts, votre projet sera r\u00e9alit\u00e9.\" \/>\n<meta property=\"og:url\" content=\"https:\/\/rivr.digital\/en\/contact\/\" \/>\n<meta property=\"og:site_name\" content=\"rivr cr\u00e9ation\" \/>\n<meta property=\"article:publisher\" content=\"https:\/\/facebook.com\/rivrcreation\" \/>\n<meta property=\"article:modified_time\" content=\"2023-12-03T01:34:52+00:00\" \/>\n<meta property=\"og:image\" content=\"https:\/\/rivr.digital\/wp-content\/uploads\/2023\/12\/Logo-Yoast.png\" \/>\n\t<meta property=\"og:image:width\" content=\"1200\" \/>\n\t<meta property=\"og:image:height\" content=\"625\" \/>\n\t<meta property=\"og:image:type\" content=\"image\/png\" \/>\n<meta name=\"twitter:card\" content=\"summary_large_image\" \/>\n<meta name=\"twitter:image\" content=\"https:\/\/rivr.digital\/wp-content\/uploads\/2023\/12\/Logo-Yoast.png\" \/>\n<meta name=\"twitter:site\" content=\"@rivrcreation\" \/>\n<meta name=\"twitter:label1\" content=\"Est. reading time\" \/>\n\t<meta name=\"twitter:data1\" content=\"1 minute\" \/>\n<script type=\"application\/ld+json\" class=\"yoast-schema-graph\">{\"@context\":\"https:\\\/\\\/schema.org\",\"@graph\":[{\"@type\":\"WebPage\",\"@id\":\"https:\\\/\\\/rivr.digital\\\/contact\\\/\",\"url\":\"https:\\\/\\\/rivr.digital\\\/contact\\\/\",\"name\":\"Contact | rivr cr\u00e9ation | Graphiste franco-ontarien\",\"isPartOf\":{\"@id\":\"https:\\\/\\\/rivr.digital\\\/#website\"},\"datePublished\":\"2023-11-30T21:05:00+00:00\",\"dateModified\":\"2023-12-03T01:34:52+00:00\",\"description\":\"Jasons de vos ambitions! Partagez-moi ce que vous avez en t\u00eate et comme un claquement de doigts, votre projet sera r\u00e9alit\u00e9.\",\"breadcrumb\":{\"@id\":\"https:\\\/\\\/rivr.digital\\\/contact\\\/#breadcrumb\"},\"inLanguage\":\"en-CA\",\"potentialAction\":[{\"@type\":\"ReadAction\",\"target\":[\"https:\\\/\\\/rivr.digital\\\/contact\\\/\"]}]},{\"@type\":\"BreadcrumbList\",\"@id\":\"https:\\\/\\\/rivr.digital\\\/contact\\\/#breadcrumb\",\"itemListElement\":[{\"@type\":\"ListItem\",\"position\":1,\"name\":\"Accueil\",\"item\":\"https:\\\/\\\/rivr.digital\\\/\"},{\"@type\":\"ListItem\",\"position\":2,\"name\":\"Contact\"}]},{\"@type\":\"WebSite\",\"@id\":\"https:\\\/\\\/rivr.digital\\\/#website\",\"url\":\"https:\\\/\\\/rivr.digital\\\/\",\"name\":\"rivr cr\u00e9ation\",\"description\":\"Graphiste franco-ontarien\",\"publisher\":{\"@id\":\"https:\\\/\\\/rivr.digital\\\/#organization\"},\"potentialAction\":[{\"@type\":\"SearchAction\",\"target\":{\"@type\":\"EntryPoint\",\"urlTemplate\":\"https:\\\/\\\/rivr.digital\\\/?s={search_term_string}\"},\"query-input\":{\"@type\":\"PropertyValueSpecification\",\"valueRequired\":true,\"valueName\":\"search_term_string\"}}],\"inLanguage\":\"en-CA\"},{\"@type\":\"Organization\",\"@id\":\"https:\\\/\\\/rivr.digital\\\/#organization\",\"name\":\"rivr cr\u00e9ation\",\"url\":\"https:\\\/\\\/rivr.digital\\\/\",\"logo\":{\"@type\":\"ImageObject\",\"inLanguage\":\"en-CA\",\"@id\":\"https:\\\/\\\/rivr.digital\\\/#\\\/schema\\\/logo\\\/image\\\/\",\"url\":\"https:\\\/\\\/rivr.digital\\\/wp-content\\\/uploads\\\/2023\\\/11\\\/Logo-Mono-I-Solide.png\",\"contentUrl\":\"https:\\\/\\\/rivr.digital\\\/wp-content\\\/uploads\\\/2023\\\/11\\\/Logo-Mono-I-Solide.png\",\"width\":3000,\"height\":3000,\"caption\":\"rivr cr\u00e9ation\"},\"image\":{\"@id\":\"https:\\\/\\\/rivr.digital\\\/#\\\/schema\\\/logo\\\/image\\\/\"},\"sameAs\":[\"https:\\\/\\\/facebook.com\\\/rivrcreation\",\"https:\\\/\\\/x.com\\\/rivrcreation\"]}]}<\/script>\n<!-- \/ Yoast SEO plugin. -->","yoast_head_json":{"title":"Contact | rivr cr\u00e9ation | Graphiste franco-ontarien","description":"Jasons de vos ambitions! Partagez-moi ce que vous avez en t\u00eate et comme un claquement de doigts, votre projet sera r\u00e9alit\u00e9.","robots":{"index":"index","follow":"follow","max-snippet":"max-snippet:-1","max-image-preview":"max-image-preview:large","max-video-preview":"max-video-preview:-1"},"canonical":"https:\/\/rivr.digital\/en\/contact\/","og_locale":"en_US","og_type":"article","og_title":"Contact | rivr cr\u00e9ation | Graphiste franco-ontarien","og_description":"Jasons de vos ambitions! Partagez-moi ce que vous avez en t\u00eate et comme un claquement de doigts, votre projet sera r\u00e9alit\u00e9.","og_url":"https:\/\/rivr.digital\/en\/contact\/","og_site_name":"rivr cr\u00e9ation","article_publisher":"https:\/\/facebook.com\/rivrcreation","article_modified_time":"2023-12-03T01:34:52+00:00","og_image":[{"width":1200,"height":625,"url":"https:\/\/rivr.digital\/wp-content\/uploads\/2023\/12\/Logo-Yoast.png","type":"image\/png"}],"twitter_card":"summary_large_image","twitter_image":"https:\/\/rivr.digital\/wp-content\/uploads\/2023\/12\/Logo-Yoast.png","twitter_site":"@rivrcreation","twitter_misc":{"Est. reading time":"1 minute"},"schema":{"@context":"https:\/\/schema.org","@graph":[{"@type":"WebPage","@id":"https:\/\/rivr.digital\/contact\/","url":"https:\/\/rivr.digital\/contact\/","name":"Contact | rivr cr\u00e9ation | Graphiste franco-ontarien","isPartOf":{"@id":"https:\/\/rivr.digital\/#website"},"datePublished":"2023-11-30T21:05:00+00:00","dateModified":"2023-12-03T01:34:52+00:00","description":"Jasons de vos ambitions! Partagez-moi ce que vous avez en t\u00eate et comme un claquement de doigts, votre projet sera r\u00e9alit\u00e9.","breadcrumb":{"@id":"https:\/\/rivr.digital\/contact\/#breadcrumb"},"inLanguage":"en-CA","potentialAction":[{"@type":"ReadAction","target":["https:\/\/rivr.digital\/contact\/"]}]},{"@type":"BreadcrumbList","@id":"https:\/\/rivr.digital\/contact\/#breadcrumb","itemListElement":[{"@type":"ListItem","position":1,"name":"Accueil","item":"https:\/\/rivr.digital\/"},{"@type":"ListItem","position":2,"name":"Contact"}]},{"@type":"WebSite","@id":"https:\/\/rivr.digital\/#website","url":"https:\/\/rivr.digital\/","name":"rivr cr\u00e9ation","description":"Graphiste franco-ontarien","publisher":{"@id":"https:\/\/rivr.digital\/#organization"},"potentialAction":[{"@type":"SearchAction","target":{"@type":"EntryPoint","urlTemplate":"https:\/\/rivr.digital\/?s={search_term_string}"},"query-input":{"@type":"PropertyValueSpecification","valueRequired":true,"valueName":"search_term_string"}}],"inLanguage":"en-CA"},{"@type":"Organization","@id":"https:\/\/rivr.digital\/#organization","name":"rivr cr\u00e9ation","url":"https:\/\/rivr.digital\/","logo":{"@type":"ImageObject","inLanguage":"en-CA","@id":"https:\/\/rivr.digital\/#\/schema\/logo\/image\/","url":"https:\/\/rivr.digital\/wp-content\/uploads\/2023\/11\/Logo-Mono-I-Solide.png","contentUrl":"https:\/\/rivr.digital\/wp-content\/uploads\/2023\/11\/Logo-Mono-I-Solide.png","width":3000,"height":3000,"caption":"rivr cr\u00e9ation"},"image":{"@id":"https:\/\/rivr.digital\/#\/schema\/logo\/image\/"},"sameAs":["https:\/\/facebook.com\/rivrcreation","https:\/\/x.com\/rivrcreation"]}]}},"jetpack_sharing_enabled":true,"_links":{"self":[{"href":"https:\/\/rivr.digital\/en\/wp-json\/wp\/v2\/pages\/7388","targetHints":{"allow":["GET"]}}],"collection":[{"href":"https:\/\/rivr.digital\/en\/wp-json\/wp\/v2\/pages"}],"about":[{"href":"https:\/\/rivr.digital\/en\/wp-json\/wp\/v2\/types\/page"}],"author":[{"embeddable":true,"href":"https:\/\/rivr.digital\/en\/wp-json\/wp\/v2\/users\/2"}],"replies":[{"embeddable":true,"href":"https:\/\/rivr.digital\/en\/wp-json\/wp\/v2\/comments?post=7388"}],"version-history":[{"count":12,"href":"https:\/\/rivr.digital\/en\/wp-json\/wp\/v2\/pages\/7388\/revisions"}],"predecessor-version":[{"id":7558,"href":"https:\/\/rivr.digital\/en\/wp-json\/wp\/v2\/pages\/7388\/revisions\/7558"}],"wp:attachment":[{"href":"https:\/\/rivr.digital\/en\/wp-json\/wp\/v2\/media?parent=7388"}],"curies":[{"name":"wp","href":"https:\/\/api.w.org\/{rel}","templated":true}]}}