{"id":7502,"date":"2023-12-01T11:47:22","date_gmt":"2023-12-01T16:47:22","guid":{"rendered":"https:\/\/rivr.digital\/?page_id=7502"},"modified":"2023-12-02T21:37:10","modified_gmt":"2023-12-03T02:37:10","slug":"portfolio","status":"publish","type":"page","link":"https:\/\/rivr.digital\/en\/portfolio\/","title":{"rendered":"Portfolio"},"content":{"rendered":"<section class=\"wpb-content-wrapper\">\t\t<div id=\"portfolio\" class=\"vc_row wpb_row vc_row-fluid lg-pd-left-right-0 vc_custom_1701571024376\">\n                                        <div class=\"gf-row-inner gf-container-fluid\">\n                        <div class=\"wpb_column vc_column_container vc_col-sm-12\"><div class=\"vc_column-inner\"><div class=\"wpb_wrapper\"><div class=\"g5plus-space space-69e381e508339\" data-id=\"69e381e508339\" data-tablet=\"70\" data-tablet-portrait=\"60\" data-mobile=\"40\" data-mobile-landscape=\"50\" style=\"clear: both; display: block; height: 90px\"><\/div><h1 style=\"color: #35383f;text-align: center;font-family:Rubik One;font-weight:400;font-style:normal\" class=\"vc_custom_heading vc_custom_1701569601540\" >Portfolio<\/h1><div class=\"g5plus-space space-69e381e508dd1\" data-id=\"69e381e508dd1\" data-tablet=\"70\" data-tablet-portrait=\"60\" data-mobile=\"40\" data-mobile-landscape=\"50\" style=\"clear: both; display: block; height: 90px\"><\/div><\/div><\/div><\/div><div class=\"wpb_column vc_column_container vc_col-sm-12\"><div class=\"vc_column-inner\"><div class=\"wpb_wrapper\"><div class=\"gf-portfolios clearfix\">\n    <div data-items-wrapper=\"152963881\"    class=\"gf-portfolio-wrap cate-filter-center clearfix\">\n    <ul data-id=\"152963881\" data-items-cate class=\"nav nav-tabs gf-cate-filter gsf-pretty-tabs\" data-filter-vertical=\"0\" data-pretty-tabs-options='{\"more_text\":\"More\"}'>\n        <li class=\"active\">\n        <a data-id=\"-1\" data-name=\"\"\n           title=\"All\" class=\"no-animation transition03 gsf-link\" href=\"https:\/\/rivr.digital\/en\/portfolios\/\">All<\/a>\n    <\/li>\n            <li class=\"\">\n            <a data-id=\"111\"  data-name=\"animation-graphique\" title=\"Motion Design\" class=\"no-animation transition03 gsf-link\"\n               href=\"https:\/\/rivr.digital\/en\/portfolio-category\/animation-graphique\/\">Motion Design<\/a>\n        <\/li>\n            <li class=\"\">\n            <a data-id=\"110\"  data-name=\"emballage\" title=\"Packaging\" class=\"no-animation transition03 gsf-link\"\n               href=\"https:\/\/rivr.digital\/en\/portfolio-category\/emballage\/\">Packaging<\/a>\n        <\/li>\n            <li class=\"\">\n            <a data-id=\"109\"  data-name=\"illustration\" title=\"Illustration\" class=\"no-animation transition03 gsf-link\"\n               href=\"https:\/\/rivr.digital\/en\/portfolio-category\/illustration\/\">Illustration<\/a>\n        <\/li>\n            <li class=\"\">\n            <a data-id=\"108\"  data-name=\"image-de-marque\" title=\"Branding\" class=\"no-animation transition03 gsf-link\"\n               href=\"https:\/\/rivr.digital\/en\/portfolio-category\/image-de-marque\/\">Branding<\/a>\n        <\/li>\n            <li class=\"\">\n            <a data-id=\"113\"  data-name=\"publicite\" title=\"Advertising\" class=\"no-animation transition03 gsf-link\"\n               href=\"https:\/\/rivr.digital\/en\/portfolio-category\/publicite\/\">Advertising<\/a>\n        <\/li>\n    <\/ul>    <div data-items-container=\"true\" class=\"gf-blog-inner clearfix layout-grid portfolio-item-skin-03 gf-gutter-30\">\n        <article  class=\"clearfix portfolio-default portfolio-item-skin-03 portfolio-grid col-xl-4 col-lg-6 col-md-6 col-sm-6 col-12 post-7562 portfolio type-portfolio status-publish has-post-thumbnail hentry portfolio_cat-illustration portfolio_cat-publicite\">\n    <div  class=\"portfolio-item-inner clearfix\">\n        <div class=\"entry-thumbnail-wrap\">\n            <div class=\"entry-thumbnail\">\n        \n                                    <a style=\"background-image: url(https:\/\/rivr.digital\/wp-content\/uploads\/2023\/12\/Mockup-2-The-Hills-Have-Eyes-scaled-1000x1000.jpeg);\" class=\"entry-thumbnail-overlay placeholder-image thumbnail-size-1000x1000\" href=\"https:\/\/rivr.digital\/en\/portfolios\/the-hills-have-eyes\/\" title=\"The Hills Have Eyes\"><\/a>\n            <\/div>\n\n\n                            <div class=\"portfolio-content\">\n                    <div class=\"portfolio-content-inner\">\n                                                    <div class=\"portfolio-info\">\n                                <h3 class=\"gsf-portfolio-title\"><a title=\"The Hills Have Eyes\" href=\"https:\/\/rivr.digital\/en\/portfolios\/the-hills-have-eyes\/\" class=\"gsf-link transition03\">The Hills Have Eyes<\/a><\/h3>\n                                <div class=\"portfolio-cat\"><a href=\"https:\/\/rivr.digital\/en\/portfolio-category\/illustration\/\" rel=\"tag\">Illustration<\/a> \/ <a href=\"https:\/\/rivr.digital\/en\/portfolio-category\/publicite\/\" rel=\"tag\">Advertising<\/a><\/div>                            <\/div>\n                                                <div class=\"portfolio-action\">\n                                    <a data-magnific=\"true\" data-gallery-id=\"portfolio_gallery_152963881\" data-magnific-options='{\"galleryId\":\"portfolio_gallery_152963881\"}' href=\"https:\/\/rivr.digital\/wp-content\/uploads\/2023\/12\/Mockup-2-The-Hills-Have-Eyes-scaled.jpeg\" class=\"gsf-link\"><\/a>\n\n\n\n                        <\/div>\n                    <\/div>\n                <\/div>\n                    <\/div>\n            <\/div>\n<\/article>\n\n<article  class=\"clearfix portfolio-default portfolio-item-skin-03 portfolio-grid col-xl-4 col-lg-6 col-md-6 col-sm-6 col-12 post-7563 portfolio type-portfolio status-publish has-post-thumbnail hentry portfolio_cat-animation-graphique\">\n    <div  class=\"portfolio-item-inner clearfix\">\n        <div class=\"entry-thumbnail-wrap\">\n            <div class=\"entry-thumbnail\">\n        \n                                    <a style=\"background-image: url(https:\/\/rivr.digital\/wp-content\/uploads\/2023\/12\/La-Pimenterie-scaled-1000x1000.jpeg);\" class=\"entry-thumbnail-overlay placeholder-image thumbnail-size-1000x1000\" href=\"https:\/\/rivr.digital\/en\/portfolios\/hot-comme-toi\/\" title=\"Hot comme toi\"><\/a>\n            <\/div>\n\n\n                            <div class=\"portfolio-content\">\n                    <div class=\"portfolio-content-inner\">\n                                                    <div class=\"portfolio-info\">\n                                <h3 class=\"gsf-portfolio-title\"><a title=\"Hot comme toi\" href=\"https:\/\/rivr.digital\/en\/portfolios\/hot-comme-toi\/\" class=\"gsf-link transition03\">Hot comme toi<\/a><\/h3>\n                                <div class=\"portfolio-cat\"><a href=\"https:\/\/rivr.digital\/en\/portfolio-category\/animation-graphique\/\" rel=\"tag\">Motion Design<\/a><\/div>                            <\/div>\n                                                <div class=\"portfolio-action\">\n                                    <a data-magnific=\"true\" data-gallery-id=\"portfolio_gallery_152963881\" data-magnific-options='{\"galleryId\":\"portfolio_gallery_152963881\"}' href=\"https:\/\/rivr.digital\/wp-content\/uploads\/2023\/12\/La-Pimenterie-scaled.jpeg\" class=\"gsf-link\"><\/a>\n\n\n\n                        <\/div>\n                    <\/div>\n                <\/div>\n                    <\/div>\n            <\/div>\n<\/article>\n\n<article  class=\"clearfix portfolio-default portfolio-item-skin-03 portfolio-grid col-xl-4 col-lg-6 col-md-6 col-sm-6 col-12 post-7564 portfolio type-portfolio status-publish has-post-thumbnail hentry portfolio_cat-animation-graphique\">\n    <div  class=\"portfolio-item-inner clearfix\">\n        <div class=\"entry-thumbnail-wrap\">\n            <div class=\"entry-thumbnail\">\n        \n                                    <a style=\"background-image: url(https:\/\/rivr.digital\/wp-content\/uploads\/2023\/12\/Murale-scaled-1000x1000.jpeg);\" class=\"entry-thumbnail-overlay placeholder-image thumbnail-size-1000x1000\" href=\"https:\/\/rivr.digital\/en\/portfolios\/libre-de-taimer\/\" title=\"Libre de t&rsquo;aimer\"><\/a>\n            <\/div>\n\n\n                            <div class=\"portfolio-content\">\n                    <div class=\"portfolio-content-inner\">\n                                                    <div class=\"portfolio-info\">\n                                <h3 class=\"gsf-portfolio-title\"><a title=\"Libre de t&rsquo;aimer\" href=\"https:\/\/rivr.digital\/en\/portfolios\/libre-de-taimer\/\" class=\"gsf-link transition03\">Libre de t&rsquo;aimer<\/a><\/h3>\n                                <div class=\"portfolio-cat\"><a href=\"https:\/\/rivr.digital\/en\/portfolio-category\/animation-graphique\/\" rel=\"tag\">Motion Design<\/a><\/div>                            <\/div>\n                                                <div class=\"portfolio-action\">\n                                    <a data-magnific=\"true\" data-gallery-id=\"portfolio_gallery_152963881\" data-magnific-options='{\"galleryId\":\"portfolio_gallery_152963881\"}' href=\"https:\/\/rivr.digital\/wp-content\/uploads\/2023\/12\/Murale-scaled.jpeg\" class=\"gsf-link\"><\/a>\n\n\n\n                        <\/div>\n                    <\/div>\n                <\/div>\n                    <\/div>\n            <\/div>\n<\/article>\n\n<article  class=\"clearfix portfolio-default portfolio-item-skin-03 portfolio-grid col-xl-4 col-lg-6 col-md-6 col-sm-6 col-12 post-7565 portfolio type-portfolio status-publish has-post-thumbnail hentry portfolio_cat-image-de-marque\">\n    <div  class=\"portfolio-item-inner clearfix\">\n        <div class=\"entry-thumbnail-wrap\">\n            <div class=\"entry-thumbnail\">\n        \n                                    <a style=\"background-image: url(https:\/\/rivr.digital\/wp-content\/uploads\/2023\/12\/CATVIBE-Mockup-devanture-scaled-1000x1000.jpeg);\" class=\"entry-thumbnail-overlay placeholder-image thumbnail-size-1000x1000\" href=\"https:\/\/rivr.digital\/en\/portfolios\/catvibe-cafe\/\" title=\"CATVIBE. Caf\u00e9\"><\/a>\n            <\/div>\n\n\n                            <div class=\"portfolio-content\">\n                    <div class=\"portfolio-content-inner\">\n                                                    <div class=\"portfolio-info\">\n                                <h3 class=\"gsf-portfolio-title\"><a title=\"CATVIBE. Caf\u00e9\" href=\"https:\/\/rivr.digital\/en\/portfolios\/catvibe-cafe\/\" class=\"gsf-link transition03\">CATVIBE. Caf\u00e9<\/a><\/h3>\n                                <div class=\"portfolio-cat\"><a href=\"https:\/\/rivr.digital\/en\/portfolio-category\/image-de-marque\/\" rel=\"tag\">Branding<\/a><\/div>                            <\/div>\n                                                <div class=\"portfolio-action\">\n                                    <a data-magnific=\"true\" data-gallery-id=\"portfolio_gallery_152963881\" data-magnific-options='{\"galleryId\":\"portfolio_gallery_152963881\"}' href=\"https:\/\/rivr.digital\/wp-content\/uploads\/2023\/12\/CATVIBE-Mockup-devanture-scaled.jpeg\" class=\"gsf-link\"><\/a>\n\n\n\n                        <\/div>\n                    <\/div>\n                <\/div>\n                    <\/div>\n            <\/div>\n<\/article>\n\n<article  class=\"clearfix portfolio-default portfolio-item-skin-03 portfolio-grid col-xl-4 col-lg-6 col-md-6 col-sm-6 col-12 post-7566 portfolio type-portfolio status-publish has-post-thumbnail hentry portfolio_cat-emballage portfolio_cat-illustration\">\n    <div  class=\"portfolio-item-inner clearfix\">\n        <div class=\"entry-thumbnail-wrap\">\n            <div class=\"entry-thumbnail\">\n        \n                                    <a style=\"background-image: url(https:\/\/rivr.digital\/wp-content\/uploads\/2023\/12\/SODAPOP-Mockup-Soda-creme-scaled-1000x1000.jpeg);\" class=\"entry-thumbnail-overlay placeholder-image thumbnail-size-1000x1000\" href=\"https:\/\/rivr.digital\/en\/portfolios\/sodapop\/\" title=\"SODAPOP\"><\/a>\n            <\/div>\n\n\n                            <div class=\"portfolio-content\">\n                    <div class=\"portfolio-content-inner\">\n                                                    <div class=\"portfolio-info\">\n                                <h3 class=\"gsf-portfolio-title\"><a title=\"SODAPOP\" href=\"https:\/\/rivr.digital\/en\/portfolios\/sodapop\/\" class=\"gsf-link transition03\">SODAPOP<\/a><\/h3>\n                                <div class=\"portfolio-cat\"><a href=\"https:\/\/rivr.digital\/en\/portfolio-category\/emballage\/\" rel=\"tag\">Packaging<\/a> \/ <a href=\"https:\/\/rivr.digital\/en\/portfolio-category\/illustration\/\" rel=\"tag\">Illustration<\/a><\/div>                            <\/div>\n                                                <div class=\"portfolio-action\">\n                                    <a data-magnific=\"true\" data-gallery-id=\"portfolio_gallery_152963881\" data-magnific-options='{\"galleryId\":\"portfolio_gallery_152963881\"}' href=\"https:\/\/rivr.digital\/wp-content\/uploads\/2023\/12\/SODAPOP-Mockup-Soda-creme-scaled.jpeg\" class=\"gsf-link\"><\/a>\n\n\n\n                        <\/div>\n                    <\/div>\n                <\/div>\n                    <\/div>\n            <\/div>\n<\/article>\n\n<article  class=\"clearfix portfolio-default portfolio-item-skin-03 portfolio-grid col-xl-4 col-lg-6 col-md-6 col-sm-6 col-12 post-7567 portfolio type-portfolio status-publish has-post-thumbnail hentry portfolio_cat-image-de-marque\">\n    <div  class=\"portfolio-item-inner clearfix\">\n        <div class=\"entry-thumbnail-wrap\">\n            <div class=\"entry-thumbnail\">\n        \n                                    <a style=\"background-image: url(https:\/\/rivr.digital\/wp-content\/uploads\/2023\/12\/Mockup-iPhone-scaled-1000x1000.jpeg);\" class=\"entry-thumbnail-overlay placeholder-image thumbnail-size-1000x1000\" href=\"https:\/\/rivr.digital\/en\/portfolios\/magistral\/\" title=\"Magistral\"><\/a>\n            <\/div>\n\n\n                            <div class=\"portfolio-content\">\n                    <div class=\"portfolio-content-inner\">\n                                                    <div class=\"portfolio-info\">\n                                <h3 class=\"gsf-portfolio-title\"><a title=\"Magistral\" href=\"https:\/\/rivr.digital\/en\/portfolios\/magistral\/\" class=\"gsf-link transition03\">Magistral<\/a><\/h3>\n                                <div class=\"portfolio-cat\"><a href=\"https:\/\/rivr.digital\/en\/portfolio-category\/image-de-marque\/\" rel=\"tag\">Branding<\/a><\/div>                            <\/div>\n                                                <div class=\"portfolio-action\">\n                                    <a data-magnific=\"true\" data-gallery-id=\"portfolio_gallery_152963881\" data-magnific-options='{\"galleryId\":\"portfolio_gallery_152963881\"}' href=\"https:\/\/rivr.digital\/wp-content\/uploads\/2023\/12\/Mockup-iPhone-scaled.jpeg\" class=\"gsf-link\"><\/a>\n\n\n\n                        <\/div>\n                    <\/div>\n                <\/div>\n                    <\/div>\n            <\/div>\n<\/article>\n\n    <\/div>\n    <\/div><\/div><\/div><\/div><\/div>\t\t\t\t\t\t\t<\/div>\n\t\t\t\n\t\t<\/div>\n\n<\/section>","protected":false},"excerpt":{"rendered":"Magistral met la lumi\u00e8re sur vous! Cette force du m\u00e9dia num\u00e9rique s\u2019allie avec les cr\u00e9ateurs de contenu de 18 \u00e0 35 ans afin de lib\u00e9rer leur plein potentiel. Gr\u00e2ce \u00e0 son indispensable suite de marketing en ligne, n\u2019importe quel cr\u00e9ateur en herbe peut devenir une vedette. Magistral cible un jeune public de n\u2019importe quel sexe [...]","protected":false},"author":2,"featured_media":0,"parent":0,"menu_order":0,"comment_status":"closed","ping_status":"closed","template":"","meta":{"footnotes":""},"class_list":["post-7502","page","type-page","status-publish","hentry"],"yoast_head":"<!-- This site is optimized with the Yoast SEO plugin v27.4 - https:\/\/yoast.com\/product\/yoast-seo-wordpress\/ -->\n<title>Portfolio | rivr cr\u00e9ation | Graphiste franco-ontarien<\/title>\n<meta name=\"description\" content=\"Bienvenue \u00e0 mon portfolio. Ici, vous d\u00e9couvrirez quelques uns de mes projets phares qui d\u00e9montrent mes comp\u00e9tences et habilet\u00e9s!\" \/>\n<meta name=\"robots\" content=\"index, follow, max-snippet:-1, max-image-preview:large, max-video-preview:-1\" \/>\n<link rel=\"canonical\" href=\"https:\/\/rivr.digital\/en\/portfolio\/\" \/>\n<meta property=\"og:locale\" content=\"en_US\" \/>\n<meta property=\"og:type\" content=\"article\" \/>\n<meta property=\"og:title\" content=\"Portfolio | rivr cr\u00e9ation | Graphiste franco-ontarien\" \/>\n<meta property=\"og:description\" content=\"Bienvenue \u00e0 mon portfolio. Ici, vous d\u00e9couvrirez quelques uns de mes projets phares qui d\u00e9montrent mes comp\u00e9tences et habilet\u00e9s!\" \/>\n<meta property=\"og:url\" content=\"https:\/\/rivr.digital\/en\/portfolio\/\" \/>\n<meta property=\"og:site_name\" content=\"rivr cr\u00e9ation\" \/>\n<meta property=\"article:publisher\" content=\"https:\/\/facebook.com\/rivrcreation\" \/>\n<meta property=\"article:modified_time\" content=\"2023-12-03T02:37:10+00:00\" \/>\n<meta property=\"og:image\" content=\"https:\/\/rivr.digital\/wp-content\/uploads\/2023\/12\/Logo-Yoast.png\" \/>\n\t<meta property=\"og:image:width\" content=\"1200\" \/>\n\t<meta property=\"og:image:height\" content=\"625\" \/>\n\t<meta property=\"og:image:type\" content=\"image\/png\" \/>\n<meta name=\"twitter:card\" content=\"summary_large_image\" \/>\n<meta name=\"twitter:image\" content=\"https:\/\/rivr.digital\/wp-content\/uploads\/2023\/12\/Logo-Yoast.png\" \/>\n<meta name=\"twitter:site\" content=\"@rivrcreation\" \/>\n<meta name=\"twitter:label1\" content=\"Est. reading time\" \/>\n\t<meta name=\"twitter:data1\" content=\"1 minute\" \/>\n<script type=\"application\/ld+json\" class=\"yoast-schema-graph\">{\"@context\":\"https:\\\/\\\/schema.org\",\"@graph\":[{\"@type\":\"WebPage\",\"@id\":\"https:\\\/\\\/rivr.digital\\\/portfolio\\\/\",\"url\":\"https:\\\/\\\/rivr.digital\\\/portfolio\\\/\",\"name\":\"Portfolio | rivr cr\u00e9ation | Graphiste franco-ontarien\",\"isPartOf\":{\"@id\":\"https:\\\/\\\/rivr.digital\\\/#website\"},\"datePublished\":\"2023-12-01T16:47:22+00:00\",\"dateModified\":\"2023-12-03T02:37:10+00:00\",\"description\":\"Bienvenue \u00e0 mon portfolio. Ici, vous d\u00e9couvrirez quelques uns de mes projets phares qui d\u00e9montrent mes comp\u00e9tences et habilet\u00e9s!\",\"breadcrumb\":{\"@id\":\"https:\\\/\\\/rivr.digital\\\/portfolio\\\/#breadcrumb\"},\"inLanguage\":\"en-CA\",\"potentialAction\":[{\"@type\":\"ReadAction\",\"target\":[\"https:\\\/\\\/rivr.digital\\\/portfolio\\\/\"]}]},{\"@type\":\"BreadcrumbList\",\"@id\":\"https:\\\/\\\/rivr.digital\\\/portfolio\\\/#breadcrumb\",\"itemListElement\":[{\"@type\":\"ListItem\",\"position\":1,\"name\":\"Accueil\",\"item\":\"https:\\\/\\\/rivr.digital\\\/\"},{\"@type\":\"ListItem\",\"position\":2,\"name\":\"Portfolio\"}]},{\"@type\":\"WebSite\",\"@id\":\"https:\\\/\\\/rivr.digital\\\/#website\",\"url\":\"https:\\\/\\\/rivr.digital\\\/\",\"name\":\"rivr cr\u00e9ation\",\"description\":\"Graphiste franco-ontarien\",\"publisher\":{\"@id\":\"https:\\\/\\\/rivr.digital\\\/#organization\"},\"potentialAction\":[{\"@type\":\"SearchAction\",\"target\":{\"@type\":\"EntryPoint\",\"urlTemplate\":\"https:\\\/\\\/rivr.digital\\\/?s={search_term_string}\"},\"query-input\":{\"@type\":\"PropertyValueSpecification\",\"valueRequired\":true,\"valueName\":\"search_term_string\"}}],\"inLanguage\":\"en-CA\"},{\"@type\":\"Organization\",\"@id\":\"https:\\\/\\\/rivr.digital\\\/#organization\",\"name\":\"rivr cr\u00e9ation\",\"url\":\"https:\\\/\\\/rivr.digital\\\/\",\"logo\":{\"@type\":\"ImageObject\",\"inLanguage\":\"en-CA\",\"@id\":\"https:\\\/\\\/rivr.digital\\\/#\\\/schema\\\/logo\\\/image\\\/\",\"url\":\"https:\\\/\\\/rivr.digital\\\/wp-content\\\/uploads\\\/2023\\\/11\\\/Logo-Mono-I-Solide.png\",\"contentUrl\":\"https:\\\/\\\/rivr.digital\\\/wp-content\\\/uploads\\\/2023\\\/11\\\/Logo-Mono-I-Solide.png\",\"width\":3000,\"height\":3000,\"caption\":\"rivr cr\u00e9ation\"},\"image\":{\"@id\":\"https:\\\/\\\/rivr.digital\\\/#\\\/schema\\\/logo\\\/image\\\/\"},\"sameAs\":[\"https:\\\/\\\/facebook.com\\\/rivrcreation\",\"https:\\\/\\\/x.com\\\/rivrcreation\"]}]}<\/script>\n<!-- \/ Yoast SEO plugin. -->","yoast_head_json":{"title":"Portfolio | rivr cr\u00e9ation | Graphiste franco-ontarien","description":"Bienvenue \u00e0 mon portfolio. Ici, vous d\u00e9couvrirez quelques uns de mes projets phares qui d\u00e9montrent mes comp\u00e9tences et habilet\u00e9s!","robots":{"index":"index","follow":"follow","max-snippet":"max-snippet:-1","max-image-preview":"max-image-preview:large","max-video-preview":"max-video-preview:-1"},"canonical":"https:\/\/rivr.digital\/en\/portfolio\/","og_locale":"en_US","og_type":"article","og_title":"Portfolio | rivr cr\u00e9ation | Graphiste franco-ontarien","og_description":"Bienvenue \u00e0 mon portfolio. Ici, vous d\u00e9couvrirez quelques uns de mes projets phares qui d\u00e9montrent mes comp\u00e9tences et habilet\u00e9s!","og_url":"https:\/\/rivr.digital\/en\/portfolio\/","og_site_name":"rivr cr\u00e9ation","article_publisher":"https:\/\/facebook.com\/rivrcreation","article_modified_time":"2023-12-03T02:37:10+00:00","og_image":[{"width":1200,"height":625,"url":"https:\/\/rivr.digital\/wp-content\/uploads\/2023\/12\/Logo-Yoast.png","type":"image\/png"}],"twitter_card":"summary_large_image","twitter_image":"https:\/\/rivr.digital\/wp-content\/uploads\/2023\/12\/Logo-Yoast.png","twitter_site":"@rivrcreation","twitter_misc":{"Est. reading time":"1 minute"},"schema":{"@context":"https:\/\/schema.org","@graph":[{"@type":"WebPage","@id":"https:\/\/rivr.digital\/portfolio\/","url":"https:\/\/rivr.digital\/portfolio\/","name":"Portfolio | rivr cr\u00e9ation | Graphiste franco-ontarien","isPartOf":{"@id":"https:\/\/rivr.digital\/#website"},"datePublished":"2023-12-01T16:47:22+00:00","dateModified":"2023-12-03T02:37:10+00:00","description":"Bienvenue \u00e0 mon portfolio. Ici, vous d\u00e9couvrirez quelques uns de mes projets phares qui d\u00e9montrent mes comp\u00e9tences et habilet\u00e9s!","breadcrumb":{"@id":"https:\/\/rivr.digital\/portfolio\/#breadcrumb"},"inLanguage":"en-CA","potentialAction":[{"@type":"ReadAction","target":["https:\/\/rivr.digital\/portfolio\/"]}]},{"@type":"BreadcrumbList","@id":"https:\/\/rivr.digital\/portfolio\/#breadcrumb","itemListElement":[{"@type":"ListItem","position":1,"name":"Accueil","item":"https:\/\/rivr.digital\/"},{"@type":"ListItem","position":2,"name":"Portfolio"}]},{"@type":"WebSite","@id":"https:\/\/rivr.digital\/#website","url":"https:\/\/rivr.digital\/","name":"rivr cr\u00e9ation","description":"Graphiste franco-ontarien","publisher":{"@id":"https:\/\/rivr.digital\/#organization"},"potentialAction":[{"@type":"SearchAction","target":{"@type":"EntryPoint","urlTemplate":"https:\/\/rivr.digital\/?s={search_term_string}"},"query-input":{"@type":"PropertyValueSpecification","valueRequired":true,"valueName":"search_term_string"}}],"inLanguage":"en-CA"},{"@type":"Organization","@id":"https:\/\/rivr.digital\/#organization","name":"rivr cr\u00e9ation","url":"https:\/\/rivr.digital\/","logo":{"@type":"ImageObject","inLanguage":"en-CA","@id":"https:\/\/rivr.digital\/#\/schema\/logo\/image\/","url":"https:\/\/rivr.digital\/wp-content\/uploads\/2023\/11\/Logo-Mono-I-Solide.png","contentUrl":"https:\/\/rivr.digital\/wp-content\/uploads\/2023\/11\/Logo-Mono-I-Solide.png","width":3000,"height":3000,"caption":"rivr cr\u00e9ation"},"image":{"@id":"https:\/\/rivr.digital\/#\/schema\/logo\/image\/"},"sameAs":["https:\/\/facebook.com\/rivrcreation","https:\/\/x.com\/rivrcreation"]}]}},"jetpack_sharing_enabled":true,"_links":{"self":[{"href":"https:\/\/rivr.digital\/en\/wp-json\/wp\/v2\/pages\/7502","targetHints":{"allow":["GET"]}}],"collection":[{"href":"https:\/\/rivr.digital\/en\/wp-json\/wp\/v2\/pages"}],"about":[{"href":"https:\/\/rivr.digital\/en\/wp-json\/wp\/v2\/types\/page"}],"author":[{"embeddable":true,"href":"https:\/\/rivr.digital\/en\/wp-json\/wp\/v2\/users\/2"}],"replies":[{"embeddable":true,"href":"https:\/\/rivr.digital\/en\/wp-json\/wp\/v2\/comments?post=7502"}],"version-history":[{"count":8,"href":"https:\/\/rivr.digital\/en\/wp-json\/wp\/v2\/pages\/7502\/revisions"}],"predecessor-version":[{"id":7708,"href":"https:\/\/rivr.digital\/en\/wp-json\/wp\/v2\/pages\/7502\/revisions\/7708"}],"wp:attachment":[{"href":"https:\/\/rivr.digital\/en\/wp-json\/wp\/v2\/media?parent=7502"}],"curies":[{"name":"wp","href":"https:\/\/api.w.org\/{rel}","templated":true}]}}